{"id":43512,"date":"2020-04-29T18:20:24","date_gmt":"2020-04-29T18:20:24","guid":{"rendered":"https:\/\/www.net-work.gr\/?post_type=product&#038;p=43512"},"modified":"2023-03-23T12:46:58","modified_gmt":"2023-03-23T12:46:58","slug":"hoco-bluetooth-speaker-bs30-new-moon-sports-wireless-black","status":"publish","type":"product","link":"https:\/\/www.net-work.gr\/en\/product\/hoco-bluetooth-speaker-bs30-new-moon-sports-wireless-black\/","title":{"rendered":"HOCO bluetooth speaker BS30 New moon sports wireless black"},"content":{"rendered":"<p><iframe loading=\"lazy\" title=\"G\u0142o\u015bnik przeno\u015bny HOCO New Moon BS30 - prezentacja | overview\" width=\"980\" height=\"551\" src=\"https:\/\/www.youtube.com\/embed\/4L7hppfcIIc?feature=oembed\" frameborder=\"0\" allow=\"accelerometer; autoplay; encrypted-media; gyroscope; picture-in-picture\" allowfullscreen><\/iframe><\/p>\n<p>&nbsp;<\/p>\n<p><b>OCO New Moon BS30 portable speaker. Allows you to connect a smartphone or any audio devices equipped with the Bluetooth function. Thanks to the capacious battery, it allows you to listen to music for a long time, lasting up to 6 hours.<\/b><\/p>\n<p>The HOCO New Moon BS30 Bluetooth speaker lets you enjoy your favorite music wherever you are. All you need is a New Moon portable speaker and any audio device with Bluetooth technology.<\/p>\n<p><b>High capacity battery (2000 mAh)<\/b>\u00a0allows long-term music playback, lasting up to 6 hours without a break.<\/p>\n<p><b>Compact size<\/b>\u00a0makes New Moon speakers easy to transport.<\/p>\n<p><b>Allows you to receive calls.<\/b><\/p>\n<p>The product is available in two colors: black and gray.<\/p>\n<p><b>Specification:<\/b><br \/>\n<b>Size:<\/b>\u00a090 * 90 * 105 mm<br \/>\n<b>Weight:<\/b>\u00a0348g<br \/>\n<b>Bluetooth version:<\/b>\u00a0V5.0 BK<br \/>\n<b>Supporting protocols:<\/b>\u00a0A2DP, AVRCP, HFP, HSP<br \/>\n<b>Charging voltage:<\/b>\u00a0DC 5 V<br \/>\n<b>Charging time:<\/b>\u00a02h<br \/>\n<b>Call \/ music time:<\/b>\u00a06h<br \/>\n<b>Battery:<\/b>\u00a0class A; 18650: 2000 mAh<\/p>\n","protected":false},"excerpt":{"rendered":"<p>&nbsp; OCO New Moon BS30 portable speaker. Allows you to connect a smartphone or any audio devices equipped with the Bluetooth function. Thanks to the capacious battery, it allows you to listen to music for a long time, lasting up to 6 hours. The HOCO New Moon BS30 Bluetooth speaker lets you enjoy your favorite [&hellip;]<\/p>\n","protected":false},"featured_media":43515,"template":"","meta":[],"product_brand":[],"product_cat":[8774],"product_tag":[8923],"class_list":{"0":"post-43512","1":"product","2":"type-product","3":"status-publish","4":"has-post-thumbnail","6":"product_cat-8774","7":"product_tag-hoco","9":"first","10":"instock","11":"purchasable","12":"product-type-simple"},"jetpack_sharing_enabled":true,"_links":{"self":[{"href":"https:\/\/www.net-work.gr\/en\/wp-json\/wp\/v2\/product\/43512","targetHints":{"allow":["GET"]}}],"collection":[{"href":"https:\/\/www.net-work.gr\/en\/wp-json\/wp\/v2\/product"}],"about":[{"href":"https:\/\/www.net-work.gr\/en\/wp-json\/wp\/v2\/types\/product"}],"wp:featuredmedia":[{"embeddable":true,"href":"https:\/\/www.net-work.gr\/en\/wp-json\/wp\/v2\/media\/43515"}],"wp:attachment":[{"href":"https:\/\/www.net-work.gr\/en\/wp-json\/wp\/v2\/media?parent=43512"}],"wp:term":[{"taxonomy":"product_brand","embeddable":true,"href":"https:\/\/www.net-work.gr\/en\/wp-json\/wp\/v2\/product_brand?post=43512"},{"taxonomy":"product_cat","embeddable":true,"href":"https:\/\/www.net-work.gr\/en\/wp-json\/wp\/v2\/product_cat?post=43512"},{"taxonomy":"product_tag","embeddable":true,"href":"https:\/\/www.net-work.gr\/en\/wp-json\/wp\/v2\/product_tag?post=43512"}],"curies":[{"name":"wp","href":"https:\/\/api.w.org\/{rel}","templated":true}]}}